{"id":3,"date":"2023-09-29T13:39:37","date_gmt":"2023-09-29T11:39:37","guid":{"rendered":"https:\/\/voguevertu.it\/?page_id=3"},"modified":"2023-12-11T16:55:05","modified_gmt":"2023-12-11T15:55:05","slug":"informativa-privacy","status":"publish","type":"page","link":"https:\/\/voguevertu.it\/en\/informativa-privacy\/","title":{"rendered":"Privacy Policy"},"content":{"rendered":"<p>[et_pb_section fb_built=&#8221;1&#8243; _builder_version=&#8221;4.16&#8243; global_colors_info=&#8221;{}&#8221;][et_pb_row _builder_version=&#8221;4.16&#8243; background_size=&#8221;initial&#8221; background_position=&#8221;top_left&#8221; background_repeat=&#8221;repeat&#8221; global_colors_info=&#8221;{}&#8221;][et_pb_column type=&#8221;4_4&#8243; _builder_version=&#8221;4.16&#8243; custom_padding=&#8221;|||&#8221; global_colors_info=&#8221;{}&#8221; custom_padding__hover=&#8221;|||&#8221;][et_pb_text _builder_version=&#8221;4.22.2&#8243; background_size=&#8221;initial&#8221; background_position=&#8221;top_left&#8221; background_repeat=&#8221;repeat&#8221; hover_enabled=&#8221;0&#8243; global_colors_info=&#8221;{%22gcid-24c22582-d0e7-46ee-bcb8-8b9e9e91abaa%22:%91%22header_text_color%22,%22header_3_text_color%22,%22header_2_text_color%22,%22text_text_color%22%93,%22gcid-cffc4c0f-bfbb-4bdc-9d40-d33f92a8ee34%22:%91%22link_text_color%22,%22quote_border_color%22%93}&#8221; text_text_color=&#8221;gcid-24c22582-d0e7-46ee-bcb8-8b9e9e91abaa&#8221; sticky_enabled=&#8221;0&#8243;]<\/p>\n<h1>Informativa privacy ai sensi degli artt. 13-14 del Regolamento Europeo \u201cPrivacy\u201d (GDPR)<\/h1>\n<h3>INFORMATIVA PER IL TRATTAMENTO DI DATI<\/h3>\n<p>In questa pagina si descrivono le modalit\u00e0 di gestione del sito in riferimento al trattamento dei dati personali degli utenti che lo consultano, nonch\u00e9 modalit\u00e0 e finalit\u00e0 di trattamento dei dati personali.<br \/>Si tratta di un\u2019informativa resa anche ai sensi del\u2019art.13-14 Reg.to UE 2016\/679 a coloro che interagiscono con i servizi web accessibili per via telematica a partire dall\u2019indirizzo: site_domain<br \/>Questo sito \u00e8 di propriet\u00e0 di site_name che gestisce e mantiene questo sito con lo scopo di fornire informazioni e comunicazioni inerenti i prodotti o i servizi offerti.<br \/>L\u2019informativa \u00e8 resa solo per il sito in oggetto e non anche per altri siti Web eventualmente consultabili tramite i nostri links, di cui site_name non \u00e8 in alcun modo responsabile.<br \/>site_name nella qualit\u00e0 di Titolare del trattamento dei Suoi dati personali, ai sensi e per gli effetti del Reg.to UE 2016\/679 \u2013 GDPR, con la presente La informa che la citata normativa prevede la tutela degli interessati rispetto al trattamento dei dati personali e che tale trattamento sar\u00e0 improntato ai principi di correttezza, liceit\u00e0, trasparenza e di tutela della Sua riservatezza e dei Suoi diritti.<br \/>I Suoi dati personali verranno trattati in accordo alle disposizioni legislative della normativa sopra richiamata e degli obblighi di riservatezza ivi previsti.<\/p>\n<h3>TIPI DI DATI TRATTATI<\/h3>\n<h4>Dati di Navigazione<\/h4>\n<p>I sistemi informatici e le procedure software preposte al funzionamento di questo sito web acquisiscono, nel corso del loro normale esercizio, alcuni dati personali la cui trasmissione \u00e8 implicita nell\u2019uso dei protocolli di comunicazione di Internet. Si tratta d\u2019informazioni che non sono raccolte per essere associate ad interessati identificati, ma che per loro stessa natura potrebbero, attraverso elaborazioni ed associazioni con dati detenuti da terzi, permettere di identificare gli utenti. In questa categoria di dati rientrano gli indirizzi IP o i nomi a dominio dei computer utilizzati dagli utenti che si connettono al sito, gli indirizzi in notazione URI (Uniform Resource Identifier) delle risorse richieste, l\u2019orario della richiesta, il metodo utilizzato nel sottoporre la richiesta al server, la dimensione del file ottenuto in risposta, il codice numerico indicante lo stato della risposta data dal server (buon fine, errore, ecc.) ed altri parametri relativi al sistema operativo e all\u2019ambiente informatico dell\u2019utente. Questi dati sono utilizzati al solo fine di ricavare informazioni statistiche anonime sull\u2019uso del sito e per controllarne il corretto funzionamento e vengono cancellati immediatamente dopo l\u2019elaborazione. I dati potrebbero essere utilizzati per l\u2019accertamento di responsabilit\u00e0 in caso di ipotetici reati informatici ai danni del sito.<\/p>\n<h4>Dati forniti volontariamente dall\u2019utente<\/h4>\n<p>L\u2019invio facoltativo, esplicito e volontario di posta elettronica agli indirizzi indicati su questo sito, cos\u00ec come la compilazione dei form per l\u2019invio di richieste specifiche comportano la successiva acquisizione dell\u2019indirizzo del mittente, necessario per rispondere alle richieste, nonch\u00e9 degli eventuali altri dati personali inseriti nella missiva o nel form.<br \/>Specifiche informative di sintesi vengono riportate o visualizzate nelle pagine del sito predisposte per particolari servizi a richiesta.<\/p>\n<h4>Dati di profilo<\/h4>\n<p>Tali dati, comunicati al momento della registrazione nell\u2019area clienti, comprendono il vostro nome e cognome, la data di nascita, il sesso, l\u2019email con cui vi registrate e la relativa password, nonch\u00e9 i dati di contatto.<\/p>\n<h4>Dati di acquisto<\/h4>\n<p>Al momento dell\u2019ordine rileviamo i vostri dati di acquisto, tra cui numero di ordinazione, dettaglio sull\u2019abbonamento oggetto dell\u2019acquisto, dati sul mezzo di pagamento.<\/p>\n<h4>Dati di pagamento<\/h4>\n<p>Per l\u2019esecuzione del pagamento rileviamo i dati di pagamento che ci avete comunicato, tra cui IBAN e BIC ovvero numero di conto e codice bancario, dati della carta di credito e dati di solvibilit\u00e0. Riceviamo ulteriori dati sui pagamenti da servizi esterni di gestione di pagamenti e servizi di informazione economica con i quali collaboriamo al fine della gestione dei pagamenti e della verifica della solvibilit\u00e0. Trasmettiamo ai nostri servizi di gestione dei pagamenti solo quei dati che sono necessari allo svolgimento del pagamento. Qualsiasi informazione relativa a carte di debito o di credito non viene immagazzinata dai nostri sistemi quando viene inviato un ordine. Il conferimento di tali dati \u00e8 obbligatorio per dare esecuzione all\u2019ordine richiesto.<\/p>\n<h3>CONSEGUENZE DEL RIFIUTO DI CONFERIMENTO DEI DATI<\/h3>\n<p>A parte quanto specificato per i dati di navigazione, l\u2019utente \u00e8 libero di fornire i dati personali riportati nei moduli di richiesta, di iscrizione a mailing list, di partecipazione agli eventi o comunque indicati in contatti per sollecitare l\u2019invio di materiale informativo, tecnico o commerciale o di altre comunicazioni. Il loro mancato conferimento non comporter\u00e0 conseguenza alcuna, se non l\u2019impossibilit\u00e0 di ottenere quanto richiesto.<\/p>\n<h3>MODALITA\u2019 DEL TRATTAMENTO<\/h3>\n<p>I dati vengono trattati principalmente con strumenti elettronici e informatici e memorizzati sia su supporti informatici che su supporti cartacei che su ogni altro tipo di supporto idoneo, nel rispetto delle modalit\u00e0 di cui agli artt. 6, 32 del GDPR e mediante l\u2019adozione delle adeguate misure di sicurezza previste per prevenire la perdita di dati, usi illeciti o non corretti ed accessi non autorizzati.<br \/>La informiamo che, per fornire un servizio completo il nostro portale potrebbe contenere link ad altri siti web, non gestiti da noi. Non siamo responsabili di errori, contenuti, cookies, pubblicazioni di contenuto morale illecito, pubblicit\u00e0, banner o files non conformi alle disposizioni normative vigenti e del rispetto della normativa Privacy da parte di siti da noi gestiti a cui si fa riferimento. Per migliorare il servizio offerto \u00e8 gradita una immediata segnalazione di malfunzionamenti, abusi o suggerimenti all\u2019indirizzo di posta elettronica: 1@mail.com<br \/>I suoi dati saranno trattati unicamente da personale espressamente autorizzato dal Titolare.<\/p>\n<h3>FINALITA\u2019 DEL TRATTAMENTO<\/h3>\n<p>Il trattamento dei dati verr\u00e0 effettuato per le seguenti finalit\u00e0:<br \/>-dare la possibilit\u00e0 di accedere alle sezioni pubbliche e\/o riservate del sito;<br \/>-dare esecuzione all\u2019attivazione e alla manutenzione di eventuali servizi sottoscritti on-line o l\u2019invio di newsletter;<br \/>-consentire lo svolgimento dell\u2019acquisto e la messa a disposizione del servizio;<br \/>-processare richieste di informazioni, quotazioni, supporto tecnico;-fornire informazioni su servizi e prodotti forniti e circa variazioni di prodotti o servizi;<br \/>-eseguire gli obblighi previsti da leggi o regolamenti;<br \/>-la tutela del Titolare in sede giudiziaria;<br \/>-consentire il monitoraggio costante sull\u2019efficacia del servizio proposto.<\/p>\n<h3>SOGGETTI A CUI POTRANNO ESSERE COMUNICATI I DATI PERSONALI<\/h3>\n<p>I dati personali relativi al trattamento in questione possono essere comunicati anche a soggetti a cui sia riconosciuta la facolt\u00e0 di accedere ai Vostri dati personali da norme di legge o di normative secondarie e\/o comunitarie. I suoi dati potranno essere comunicati esclusivamente a soggetti competenti e debitamente nominati per l\u2019espletamento dei servizi necessari ad una corretta gestione del rapporto, con garanzia di tutela dei diritti dell\u2019interessato. Inoltre alcuni dati possono essere comunicati e diffusi agli operatori internet di cui site_name si avvale per la gestione dei propri domini.<br \/>I suoi dati personali non verranno diffusi in nessun modo.<br \/>I suoi dati non verranno trasferiti in Paesi terzi.<\/p>\n<h3>PERIODO DI CONSERVAZIONE DEI DATI<\/h3>\n<p>Le segnaliamo che, nel rispetto dei principi di liceit\u00e0, limitazione delle finalit\u00e0 e minimizzazione dei dati, ai sensi dell\u2019art. 5 del GDPR, il periodo di conservazione dei Suoi dati personali \u00e8 stabilito per un periodo necessario all\u2019espletamento dei servizi richiesti e in ottemperanza delle normative vigenti circa la conservazione di documentazione fiscale, tributaria e contrattuale.<\/p>\n<h3>DIRITTI DEGLI INTERESSATI<\/h3>\n<p>1. L\u2019interessato ha diritto di ottenere la conferma dell\u2019esistenza o meno di dati personali che lo riguardano, anche se non ancora registrati, e la loro comunicazione in forma intelligibile.<br \/>2. L\u2019interessato ha diritto di ottenere l\u2019indicazione:<br \/>a. dell\u2019origine dei dati personali;<br \/>b. delle finalit\u00e0 e modalit\u00e0 del trattamento;<br \/>c. della logica applicata in caso di trattamento effettuato con l\u2019ausilio di strumenti elettronici;<br \/>d. degli estremi identificativi del titolare, dei responsabili e del rappresentante designato ai sensi dell\u2019articolo 5, comma 2;<br \/>e. dei soggetti o delle categorie di soggetti ai quali i dati personali possono essere comunicati o che possono venirne a conoscenza in qualit\u00e0 di rappresentante designato nel territorio dello Stato, di responsabili o incaricati.<br \/>3. L\u2019interessato ha diritto di ottenere:<br \/>a. l\u2019aggiornamento, la rettifica ovvero, quando vi ha interesse, l\u2019integrazione dei dati;<br \/>b. la cancellazione, la trasformazione in forma anonima o il blocco dei dati trattati in violazione di legge, compresi quelli di cui non \u00e8 necessaria la conservazione in relazione agli scopi per i quali i dati sono stati raccolti o successivamente trattati;<br \/>c. l\u2019attestazione che le operazioni di cui alle lettere a) e b) sono state portate a conoscenza, anche per quanto riguarda il loro contenuto, di coloro ai quali i dati sono stati comunicati o diffusi, eccettuato il caso in cui tale adempimento si rivela impossibile o comporta un impiego di mezzi<br \/>d. manifestamente sproporzionato rispetto al diritto tutelato;<br \/>e. la portabilit\u00e0 dei dati.<br \/>4. L\u2019interessato ha diritto di opporsi, in tutto o in parte:<br \/>a. per motivi legittimi al trattamento dei dati personali che lo riguardano, ancorch\u00e9 pertinenti allo scopo della raccolta;<br \/>b. al trattamento di dati personali che lo riguardano a fini di invio di materiale pubblicitario o di vendita diretta o per il compimento di ricerche di<br \/>c. mercato o di comunicazione commerciale<br \/>Inoltre, l\u2019interessato nel caso ritenga che il trattamento dei propri dati sia contrario alla normativa in vigore pu\u00f2 proporre reclamo all\u2019Autorit\u00e0 di controllo per la protezione dei dati personali ai sensi dell\u2019art. 77 del Regolamento 2016\/679.<\/p>\n<h3>IL TITOLARE DEL TRATTAMENTO<\/h3>\n<p>Titolare del trattamento \u00e8 site_name con sede in site_address1, nella persona del suo legale rappresentante pro tempore.<br \/>L\u2019utente ha diritto di ottenere dal titolare la cancellazione (diritto all\u2019oblio), la limitazione, l\u2019aggiornamento, la rettifica, la portabilit\u00e0, l\u2019opposizione al trattamento dei dati personali che La riguardano, nonch\u00e9 in generale pu\u00f2 esercitare tutti i diritti previsti dagli artt. 15, 16, 17, 18, 19, 20, 21, 22 del GDPR.<br \/>Per esercitare i diritti sopra elencati, l\u2019interessato dovr\u00e0 rivolgere richiesta scritta attraverso e-mail. L\u2019e-mail va indirizzata a: 1@mail.com<\/p>\n<p>[\/et_pb_text][\/et_pb_column][\/et_pb_row][\/et_pb_section]<\/p>","protected":false},"excerpt":{"rendered":"<p>Informativa privacy ai sensi degli artt. 13-14 del Regolamento Europeo \u201cPrivacy\u201d (GDPR) INFORMATIVA PER IL TRATTAMENTO DI DATI In questa pagina si descrivono le modalit\u00e0 di gestione del sito in riferimento al trattamento dei dati personali degli utenti che lo consultano, nonch\u00e9 modalit\u00e0 e finalit\u00e0 di trattamento dei dati personali.Si tratta di un\u2019informativa resa anche [&hellip;]<\/p>","protected":false},"author":1,"featured_media":0,"parent":0,"menu_order":0,"comment_status":"closed","ping_status":"open","template":"","meta":{"_et_pb_use_builder":"on","_et_pb_old_content":"<!-- wp:heading -->\n<h2 class=\"wp-block-heading\">Chi siamo<\/h2>\n<!-- \/wp:heading -->\n\n<!-- wp:paragraph -->\n<p><strong class=\"privacy-policy-tutorial\">Testo suggerito: <\/strong>L'indirizzo del nostro sito web \u00e8: https:\/\/diamondwebdemo.com\/progetti\/icherubini.<\/p>\n<!-- \/wp:paragraph -->\n\n<!-- wp:heading -->\n<h2 class=\"wp-block-heading\">Commenti<\/h2>\n<!-- \/wp:heading -->\n\n<!-- wp:paragraph -->\n<p><strong class=\"privacy-policy-tutorial\">Testo suggerito: <\/strong>Quando i visitatori lasciano commenti sul sito, raccogliamo i dati mostrati nel modulo dei commenti oltre all'indirizzo IP del visitatore e la stringa dello user agent del browser per facilitare il rilevamento dello spam.<\/p>\n<!-- \/wp:paragraph -->\n\n<!-- wp:paragraph -->\n<p>Una stringa anonimizzata creata a partire dal tuo indirizzo email (altrimenti detta hash) pu\u00f2 essere fornita al servizio Gravatar per vedere se lo stai usando. La privacy policy del servizio Gravatar \u00e8 disponibile qui: https:\/\/automattic.com\/privacy\/. Dopo l'approvazione del tuo commento, la tua immagine del profilo \u00e8 visibile al pubblico nel contesto del tuo commento.<\/p>\n<!-- \/wp:paragraph -->\n\n<!-- wp:heading -->\n<h2 class=\"wp-block-heading\">Media<\/h2>\n<!-- \/wp:heading -->\n\n<!-- wp:paragraph -->\n<p><strong class=\"privacy-policy-tutorial\">Testo suggerito: <\/strong>Se carichi immagini sul sito web, dovresti evitare di caricare immagini che includono i dati di posizione incorporati (EXIF GPS). I visitatori del sito web possono scaricare ed estrarre qualsiasi dato sulla posizione dalle immagini sul sito web.<\/p>\n<!-- \/wp:paragraph -->\n\n<!-- wp:heading -->\n<h2 class=\"wp-block-heading\">Cookie<\/h2>\n<!-- \/wp:heading -->\n\n<!-- wp:paragraph -->\n<p><strong class=\"privacy-policy-tutorial\">Testo suggerito: <\/strong>Se lasci un commento sul nostro sito, puoi scegliere di salvare il tuo nome, indirizzo email e sito web nei cookie. Sono usati per la tua comodit\u00e0 in modo che tu non debba inserire nuovamente i tuoi dati quando lasci un altro commento. Questi cookie dureranno per un anno.<\/p>\n<!-- \/wp:paragraph -->\n\n<!-- wp:paragraph -->\n<p>Se visiti la pagina di login, verr\u00e0 impostato un cookie temporaneo per determinare se il tuo browser accetta i cookie. Questo cookie non contiene dati personali e viene eliminato quando chiudi il browser.<\/p>\n<!-- \/wp:paragraph -->\n\n<!-- wp:paragraph -->\n<p>Quando effettui l'accesso, verranno impostati diversi cookie per salvare le tue informazioni di accesso e le tue opzioni di visualizzazione dello schermo. I cookie di accesso durano due giorni mentre i cookie per le opzioni dello schermo durano un anno. Se selezioni \"Ricordami\", il tuo accesso persister\u00e0 per due settimane. Se esci dal tuo account, i cookie di accesso verranno rimossi.<\/p>\n<!-- \/wp:paragraph -->\n\n<!-- wp:paragraph -->\n<p>Se modifichi o pubblichi un articolo, un cookie aggiuntivo verr\u00e0 salvato nel tuo browser. Questo cookie non include dati personali, ma indica semplicemente l'ID dell'articolo appena modificato. Scade dopo 1 giorno.<\/p>\n<!-- \/wp:paragraph -->\n\n<!-- wp:heading -->\n<h2 class=\"wp-block-heading\">Contenuto incorporato da altri siti web<\/h2>\n<!-- \/wp:heading -->\n\n<!-- wp:paragraph -->\n<p><strong class=\"privacy-policy-tutorial\">Testo suggerito: <\/strong>Gli articoli su questo sito possono includere contenuti incorporati (ad esempio video, immagini, articoli, ecc.). I contenuti incorporati da altri siti web si comportano esattamente allo stesso modo come se il visitatore avesse visitato l'altro sito web.<\/p>\n<!-- \/wp:paragraph -->\n\n<!-- wp:paragraph -->\n<p>Questi siti web possono raccogliere dati su di te, usare cookie, integrare ulteriori tracciamenti di terze parti e monitorare l'interazione con essi, incluso il tracciamento della tua interazione con il contenuto incorporato se hai un account e sei connesso a quei siti web.<\/p>\n<!-- \/wp:paragraph -->\n\n<!-- wp:heading -->\n<h2 class=\"wp-block-heading\">Con chi condividiamo i tuoi dati<\/h2>\n<!-- \/wp:heading -->\n\n<!-- wp:paragraph -->\n<p><strong class=\"privacy-policy-tutorial\">Testo suggerito: <\/strong>Se richiedi una reimpostazione della password, il tuo indirizzo IP verr\u00e0 incluso nell'email di reimpostazione.<\/p>\n<!-- \/wp:paragraph -->\n\n<!-- wp:heading -->\n<h2 class=\"wp-block-heading\">Per quanto tempo conserviamo i tuoi dati<\/h2>\n<!-- \/wp:heading -->\n\n<!-- wp:paragraph -->\n<p><strong class=\"privacy-policy-tutorial\">Testo suggerito: <\/strong>Se lasci un commento, il commento e i relativi metadati vengono conservati a tempo indeterminato. \u00c8 cos\u00ec che possiamo riconoscere e approvare automaticamente eventuali commenti successivi invece di tenerli in una coda di moderazione.<\/p>\n<!-- \/wp:paragraph -->\n\n<!-- wp:paragraph -->\n<p>Per gli utenti che si registrano sul nostro sito web (se presenti), memorizziamo anche le informazioni personali che forniscono nel loro profilo utente. Tutti gli utenti possono vedere, modificare o eliminare le loro informazioni personali in qualsiasi momento (eccetto il loro nome utente che non possono cambiare). Gli amministratori del sito web possono anche vedere e modificare queste informazioni.<\/p>\n<!-- \/wp:paragraph -->\n\n<!-- wp:heading -->\n<h2 class=\"wp-block-heading\">Quali diritti hai sui tuoi dati<\/h2>\n<!-- \/wp:heading -->\n\n<!-- wp:paragraph -->\n<p><strong class=\"privacy-policy-tutorial\">Testo suggerito: <\/strong>Se hai un account su questo sito, o hai lasciato commenti, puoi richiedere di ricevere un file esportato dal sito con i dati personali che abbiamo su di te, compresi i dati che ci hai fornito. Puoi anche richiedere che cancelliamo tutti i dati personali che ti riguardano. Questo non include i dati che siamo obbligati a conservare per scopi amministrativi, legali o di sicurezza.<\/p>\n<!-- \/wp:paragraph -->\n\n<!-- wp:heading -->\n<h2 class=\"wp-block-heading\">Dove i tuoi dati sono inviati<\/h2>\n<!-- \/wp:heading -->\n\n<!-- wp:paragraph -->\n<p><strong class=\"privacy-policy-tutorial\">Testo suggerito: <\/strong>I commenti dei visitatori possono essere controllati attraverso un servizio di rilevamento automatico dello spam.<\/p>\n<!-- \/wp:paragraph -->","_et_gb_content_width":"","footnotes":""},"class_list":["post-3","page","type-page","status-publish","hentry"],"yoast_head":"<!-- This site is optimized with the Yoast SEO plugin v25.2 - https:\/\/yoast.com\/wordpress\/plugins\/seo\/ -->\n<title>Informativa Privacy | Vogue Parrucchieri<\/title>\n<meta name=\"robots\" content=\"index, follow, max-snippet:-1, max-image-preview:large, max-video-preview:-1\" \/>\n<link rel=\"canonical\" href=\"https:\/\/voguevertu.it\/en\/informativa-privacy\/\" \/>\n<meta property=\"og:locale\" content=\"en_GB\" \/>\n<meta property=\"og:type\" content=\"article\" \/>\n<meta property=\"og:title\" content=\"Informativa Privacy | Vogue Parrucchieri\" \/>\n<meta property=\"og:description\" content=\"Informativa privacy ai sensi degli artt. 13-14 del Regolamento Europeo \u201cPrivacy\u201d (GDPR) INFORMATIVA PER IL TRATTAMENTO DI DATI In questa pagina si descrivono le modalit\u00e0 di gestione del sito in riferimento al trattamento dei dati personali degli utenti che lo consultano, nonch\u00e9 modalit\u00e0 e finalit\u00e0 di trattamento dei dati personali.Si tratta di un\u2019informativa resa anche [&hellip;]\" \/>\n<meta property=\"og:url\" content=\"https:\/\/voguevertu.it\/en\/informativa-privacy\/\" \/>\n<meta property=\"og:site_name\" content=\"Vogue Parrucchieri\" \/>\n<meta property=\"article:modified_time\" content=\"2023-12-11T15:55:05+00:00\" \/>\n<meta name=\"twitter:card\" content=\"summary_large_image\" \/>\n<meta name=\"twitter:label1\" content=\"Estimated reading time\" \/>\n\t<meta name=\"twitter:data1\" content=\"9 minutes\" \/>\n<script type=\"application\/ld+json\" class=\"yoast-schema-graph\">{\"@context\":\"https:\/\/schema.org\",\"@graph\":[{\"@type\":\"WebPage\",\"@id\":\"https:\/\/voguevertu.it\/informativa-privacy\/\",\"url\":\"https:\/\/voguevertu.it\/informativa-privacy\/\",\"name\":\"Informativa Privacy | Vogue Parrucchieri\",\"isPartOf\":{\"@id\":\"https:\/\/voguevertu.it\/#website\"},\"datePublished\":\"2023-09-29T11:39:37+00:00\",\"dateModified\":\"2023-12-11T15:55:05+00:00\",\"inLanguage\":\"en-GB\",\"potentialAction\":[{\"@type\":\"ReadAction\",\"target\":[\"https:\/\/voguevertu.it\/informativa-privacy\/\"]}]},{\"@type\":\"WebSite\",\"@id\":\"https:\/\/voguevertu.it\/#website\",\"url\":\"https:\/\/voguevertu.it\/\",\"name\":\"Vogue Parrucchieri\",\"description\":\"\",\"potentialAction\":[{\"@type\":\"SearchAction\",\"target\":{\"@type\":\"EntryPoint\",\"urlTemplate\":\"https:\/\/voguevertu.it\/?s={search_term_string}\"},\"query-input\":{\"@type\":\"PropertyValueSpecification\",\"valueRequired\":true,\"valueName\":\"search_term_string\"}}],\"inLanguage\":\"en-GB\"}]}<\/script>\n<!-- \/ Yoast SEO plugin. -->","yoast_head_json":{"title":"Informativa Privacy | Vogue Parrucchieri","robots":{"index":"index","follow":"follow","max-snippet":"max-snippet:-1","max-image-preview":"max-image-preview:large","max-video-preview":"max-video-preview:-1"},"canonical":"https:\/\/voguevertu.it\/en\/informativa-privacy\/","og_locale":"en_GB","og_type":"article","og_title":"Informativa Privacy | Vogue Parrucchieri","og_description":"Informativa privacy ai sensi degli artt. 13-14 del Regolamento Europeo \u201cPrivacy\u201d (GDPR) INFORMATIVA PER IL TRATTAMENTO DI DATI In questa pagina si descrivono le modalit\u00e0 di gestione del sito in riferimento al trattamento dei dati personali degli utenti che lo consultano, nonch\u00e9 modalit\u00e0 e finalit\u00e0 di trattamento dei dati personali.Si tratta di un\u2019informativa resa anche [&hellip;]","og_url":"https:\/\/voguevertu.it\/en\/informativa-privacy\/","og_site_name":"Vogue Parrucchieri","article_modified_time":"2023-12-11T15:55:05+00:00","twitter_card":"summary_large_image","twitter_misc":{"Estimated reading time":"9 minutes"},"schema":{"@context":"https:\/\/schema.org","@graph":[{"@type":"WebPage","@id":"https:\/\/voguevertu.it\/informativa-privacy\/","url":"https:\/\/voguevertu.it\/informativa-privacy\/","name":"Informativa Privacy | Vogue Parrucchieri","isPartOf":{"@id":"https:\/\/voguevertu.it\/#website"},"datePublished":"2023-09-29T11:39:37+00:00","dateModified":"2023-12-11T15:55:05+00:00","inLanguage":"en-GB","potentialAction":[{"@type":"ReadAction","target":["https:\/\/voguevertu.it\/informativa-privacy\/"]}]},{"@type":"WebSite","@id":"https:\/\/voguevertu.it\/#website","url":"https:\/\/voguevertu.it\/","name":"Vogue Parrucchieri","description":"","potentialAction":[{"@type":"SearchAction","target":{"@type":"EntryPoint","urlTemplate":"https:\/\/voguevertu.it\/?s={search_term_string}"},"query-input":{"@type":"PropertyValueSpecification","valueRequired":true,"valueName":"search_term_string"}}],"inLanguage":"en-GB"}]}},"_links":{"self":[{"href":"https:\/\/voguevertu.it\/en\/wp-json\/wp\/v2\/pages\/3","targetHints":{"allow":["GET"]}}],"collection":[{"href":"https:\/\/voguevertu.it\/en\/wp-json\/wp\/v2\/pages"}],"about":[{"href":"https:\/\/voguevertu.it\/en\/wp-json\/wp\/v2\/types\/page"}],"author":[{"embeddable":true,"href":"https:\/\/voguevertu.it\/en\/wp-json\/wp\/v2\/users\/1"}],"replies":[{"embeddable":true,"href":"https:\/\/voguevertu.it\/en\/wp-json\/wp\/v2\/comments?post=3"}],"version-history":[{"count":0,"href":"https:\/\/voguevertu.it\/en\/wp-json\/wp\/v2\/pages\/3\/revisions"}],"wp:attachment":[{"href":"https:\/\/voguevertu.it\/en\/wp-json\/wp\/v2\/media?parent=3"}],"curies":[{"name":"wp","href":"https:\/\/api.w.org\/{rel}","templated":true}]}}